{"id":531,"date":"2022-08-12T11:12:59","date_gmt":"2022-08-12T11:12:59","guid":{"rendered":"https:\/\/aramiage.fr\/?page_id=531"},"modified":"2022-08-12T11:19:50","modified_gmt":"2022-08-12T11:19:50","slug":"correction-de-cv","status":"publish","type":"page","link":"https:\/\/aramiage.fr\/index.php\/correction-de-cv\/","title":{"rendered":"LES ALUMNIS CORRIGENT TON CV !"},"content":{"rendered":"\n<p class=\"has-medium-font-size\"><strong>L&rsquo;ARAMIAGE apporte son soutient \u00e0 tous les \u00e9tudiants de la MIAGE de Rennes pour l&rsquo;\u00e9laboration de leurs CV. <\/strong><\/p>\n\n\n<div class=\"wp-block-image\">\n<figure class=\"aligncenter size-full\"><img loading=\"lazy\" width=\"864\" height=\"432\" src=\"https:\/\/aramiage.fr\/wp-content\/uploads\/2022\/08\/278975499_5141132965965441_1508506629449248993_n.jpg\" alt=\"\" class=\"wp-image-532\" srcset=\"https:\/\/aramiage.fr\/wp-content\/uploads\/2022\/08\/278975499_5141132965965441_1508506629449248993_n.jpg 864w, https:\/\/aramiage.fr\/wp-content\/uploads\/2022\/08\/278975499_5141132965965441_1508506629449248993_n-300x150.jpg 300w, https:\/\/aramiage.fr\/wp-content\/uploads\/2022\/08\/278975499_5141132965965441_1508506629449248993_n-768x384.jpg 768w, https:\/\/aramiage.fr\/wp-content\/uploads\/2022\/08\/278975499_5141132965965441_1508506629449248993_n-570x285.jpg 570w, https:\/\/aramiage.fr\/wp-content\/uploads\/2022\/08\/278975499_5141132965965441_1508506629449248993_n-380x190.jpg 380w, https:\/\/aramiage.fr\/wp-content\/uploads\/2022\/08\/278975499_5141132965965441_1508506629449248993_n-285x143.jpg 285w\" sizes=\"(max-width: 864px) 100vw, 864px\" \/><\/figure><\/div>\n\n\n<div style=\"height:20px\" aria-hidden=\"true\" class=\"wp-block-spacer\"><\/div>\n\n\n\n<p class=\"has-text-align-left has-medium-font-size\">Confectionne ton CV, et envoie-le nous au format Word, LibreOffice ou PDF. Nous nous ferons un plaisir de l&rsquo;\u00e9tudier tant sur le fond que sur la forme, et t&rsquo;en faire un retour le plus rapidement possible. La <mark style=\"background-color:rgba(0, 0, 0, 0)\" class=\"has-inline-color has-vivid-green-cyan-color\">Correction de CV by Aramiage<\/mark>, c&rsquo;est la garantie de ne pas partir du mauvais pied lors de ta recherche de stage ou d&rsquo;alternance !<\/p>\n\n\n\n<p><\/p>\n\n\n\n<div style=\"height:20px\" aria-hidden=\"true\" class=\"wp-block-spacer\"><\/div>\n\n\n\n<p style=\"font-size:22px\"><strong>Remplis le formulaire ci-dessous pour solliciter notre aide :<\/strong><\/p>\n\n\n\n<div class=\"wp-block-contact-form-7-contact-form-selector\">\n<div class=\"wpcf7 no-js\" id=\"wpcf7-f385-o1\" lang=\"fr-FR\" dir=\"ltr\">\n<div class=\"screen-reader-response\"><p role=\"status\" aria-live=\"polite\" aria-atomic=\"true\"><\/p> <ul><\/ul><\/div>\n<form action=\"\/index.php\/wp-json\/wp\/v2\/pages\/531#wpcf7-f385-o1\" method=\"post\" class=\"wpcf7-form init\" aria-label=\"Formulaire de contact\" enctype=\"multipart\/form-data\" novalidate=\"novalidate\" data-status=\"init\">\n<div style=\"display: none;\">\n<input type=\"hidden\" name=\"_wpcf7\" value=\"385\" \/>\n<input type=\"hidden\" name=\"_wpcf7_version\" value=\"5.7.7\" \/>\n<input type=\"hidden\" name=\"_wpcf7_locale\" value=\"fr_FR\" \/>\n<input type=\"hidden\" name=\"_wpcf7_unit_tag\" value=\"wpcf7-f385-o1\" \/>\n<input type=\"hidden\" name=\"_wpcf7_container_post\" value=\"0\" \/>\n<input type=\"hidden\" name=\"_wpcf7_posted_data_hash\" value=\"\" \/>\n<input type=\"hidden\" name=\"_wpcf7_recaptcha_response\" value=\"\" \/>\n<\/div>\n<p><label> S\u00e9lectionne ton CV (au format PDF, ODT ou DOCX)<br \/>\n<span class=\"wpcf7-form-control-wrap\" data-name=\"file-327\"><input size=\"40\" class=\"wpcf7-form-control wpcf7-file wpcf7-validates-as-required\" accept=\".pdf,.odt,.docx\" aria-required=\"true\" aria-invalid=\"false\" type=\"file\" name=\"file-327\" \/><\/span> <\/label>\n<\/p>\n<p><label> Ton email (pour qu'on te r\u00e9ponde)<br \/>\n<span class=\"wpcf7-form-control-wrap\" data-name=\"your-email\"><input size=\"40\" class=\"wpcf7-form-control wpcf7-text wpcf7-email wpcf7-validates-as-required wpcf7-validates-as-email\" aria-required=\"true\" aria-invalid=\"false\" value=\"\" type=\"email\" name=\"your-email\" \/><\/span> <\/label>\n<\/p>\n<p><input class=\"wpcf7-form-control has-spinner wpcf7-submit\" type=\"submit\" value=\"Envoyer\" \/>\n<\/p><div class=\"wpcf7-response-output\" aria-hidden=\"true\"><\/div>\n<\/form>\n<\/div>\n<\/div>\n\n\n\n<p><\/p>\n","protected":false},"excerpt":{"rendered":"<p>L&rsquo;ARAMIAGE apporte son soutient \u00e0 tous les \u00e9tudiants de la MIAGE de Rennes pour l&rsquo;\u00e9laboration de leurs CV. Confectionne ton CV, et envoie-le nous au format Word, LibreOffice ou PDF.<\/p>\n<p><a href=\"https:\/\/aramiage.fr\/index.php\/correction-de-cv\/\" class=\"more-link themebutton\">Read More<\/a><\/p>\n","protected":false},"author":5,"featured_media":0,"parent":0,"menu_order":0,"comment_status":"closed","ping_status":"closed","template":"","meta":{"_price":"","_stock":"","_tribe_ticket_header":"","_tribe_default_ticket_provider":"","_tribe_ticket_capacity":"0","_ticket_start_date":"","_ticket_end_date":"","_tribe_ticket_show_description":"","_tribe_ticket_show_not_going":false,"_tribe_ticket_use_global_stock":"","_tribe_ticket_global_stock_level":"","_global_stock_mode":"","_global_stock_cap":"","_tribe_rsvp_for_event":"","_tribe_ticket_going_count":"","_tribe_ticket_not_going_count":"","_tribe_tickets_list":[],"_tribe_ticket_has_attendee_info_fields":false,"_EventAllDay":false,"_EventTimezone":"","_EventStartDate":"","_EventEndDate":"","_EventStartDateUTC":"","_EventEndDateUTC":"","_EventShowMap":false,"_EventShowMapLink":false,"_EventURL":"","_EventCost":"","_EventCostDescription":"","_EventCurrencySymbol":"","_EventCurrencyCode":"","_EventCurrencyPosition":"","_EventDateTimeSeparator":"","_EventTimeRangeSeparator":"","_EventOrganizerID":[],"_EventVenueID":0,"_OrganizerEmail":"","_OrganizerPhone":"","_OrganizerWebsite":"","_VenueAddress":"","_VenueCity":"","_VenueCountry":"","_VenueProvince":"","_VenueZip":"","_VenuePhone":"","_VenueURL":"","_VenueStateProvince":"","_VenueLat":"","_VenueLng":""},"_links":{"self":[{"href":"https:\/\/aramiage.fr\/index.php\/wp-json\/wp\/v2\/pages\/531"}],"collection":[{"href":"https:\/\/aramiage.fr\/index.php\/wp-json\/wp\/v2\/pages"}],"about":[{"href":"https:\/\/aramiage.fr\/index.php\/wp-json\/wp\/v2\/types\/page"}],"author":[{"embeddable":true,"href":"https:\/\/aramiage.fr\/index.php\/wp-json\/wp\/v2\/users\/5"}],"replies":[{"embeddable":true,"href":"https:\/\/aramiage.fr\/index.php\/wp-json\/wp\/v2\/comments?post=531"}],"version-history":[{"count":8,"href":"https:\/\/aramiage.fr\/index.php\/wp-json\/wp\/v2\/pages\/531\/revisions"}],"predecessor-version":[{"id":542,"href":"https:\/\/aramiage.fr\/index.php\/wp-json\/wp\/v2\/pages\/531\/revisions\/542"}],"wp:attachment":[{"href":"https:\/\/aramiage.fr\/index.php\/wp-json\/wp\/v2\/media?parent=531"}],"curies":[{"name":"wp","href":"https:\/\/api.w.org\/{rel}","templated":true}]}}