{"id":48,"date":"2017-10-17T09:13:26","date_gmt":"2017-10-17T09:13:26","guid":{"rendered":"http:\/\/aramiage.fr\/?page_id=48"},"modified":"2023-04-24T08:48:41","modified_gmt":"2023-04-24T08:48:41","slug":"a-propos","status":"publish","type":"page","link":"https:\/\/aramiage.fr\/index.php\/a-propos\/","title":{"rendered":"A propos de l&rsquo;ARAMIAGE et son bureau"},"content":{"rendered":"\n<p style=\"font-size:18px\">L&rsquo;ARAMIAGE est l&rsquo;Association Rennaise des Anciens Miagistes, \u00e0 but non lucratif de loi 1901. Elle a pour objectif d&rsquo;entretenir les liens et le partage d&rsquo;exp\u00e9rience entre les dipl\u00f4m\u00e9s des diff\u00e9rentes promotions.<\/p>\n\n\n\n<hr class=\"wp-block-separator has-css-opacity\"\/>\n\n\n<div class=\"wp-block-image\">\n<figure class=\"aligncenter size-large\"><img loading=\"lazy\" width=\"1024\" height=\"576\" src=\"https:\/\/aramiage.fr\/wp-content\/uploads\/2022\/12\/equipeARA23-1024x576.jpg\" alt=\"\" class=\"wp-image-686\" srcset=\"https:\/\/aramiage.fr\/wp-content\/uploads\/2022\/12\/equipeARA23-1024x576.jpg 1024w, https:\/\/aramiage.fr\/wp-content\/uploads\/2022\/12\/equipeARA23-300x169.jpg 300w, https:\/\/aramiage.fr\/wp-content\/uploads\/2022\/12\/equipeARA23-768x432.jpg 768w, https:\/\/aramiage.fr\/wp-content\/uploads\/2022\/12\/equipeARA23.jpg 1292w\" sizes=\"(max-width: 1024px) 100vw, 1024px\" \/><\/figure><\/div>\n\n\n<hr class=\"wp-block-separator has-alpha-channel-opacity\"\/>\n\n\n\n<div class=\"wp-container-1 wp-block-group\"><div class=\"wp-block-group__inner-container\">\n<p style=\"font-size:16px\"><strong>Depuis novembre 2022, voici la composition du bureau :<\/strong><\/p>\n<\/div><\/div>\n\n\n\n<p style=\"font-size:16px\"><strong>&#8211;> Pr\u00e9sidente <\/strong><strong>: <\/strong>Morgane Bouchard (dipl\u00f4m\u00e9 2021) &#8211; president@aramiage.fr<\/p>\n\n\n\n<p style=\"font-size:16px\">&#8211;> <strong>Secr\u00e9taire<\/strong> &amp; Direction SI : K\u00e9nan Lethimonier-H\u00e9rout (dipl\u00f4m\u00e9 2020) &#8211; secretaire@aramiage.fr \/ dsi@aramiage.fr<\/p>\n\n\n\n<p style=\"font-size:16px\">&#8211;&gt; <strong>Tr\u00e9sorier :<\/strong> Constant Manivoule (dipl\u00f4m\u00e9 2022) &#8211; tresorier@aramiage.fr<\/p>\n\n\n\n<p><\/p>\n\n\n\n<p style=\"font-size:16px\"><strong>Et les Membres Actifs : <\/strong><\/p>\n\n\n\n<p style=\"font-size:16px\">&#8211;&gt; Mathieu Le Han (dipl\u00f4m\u00e9 2020)<\/p>\n\n\n\n<p style=\"font-size:16px\">&#8211;&gt; Idriss Traor\u00e9 (dipl\u00f4m\u00e9 2022)<\/p>\n\n\n\n<hr class=\"wp-block-separator has-css-opacity\"\/>\n\n\n\n<p style=\"font-size:16px\"><strong>Pour toute demande d&rsquo;information :<\/strong><\/p>\n\n\n\n<p style=\"font-size:16px\"><a href=\"mailto:bureau@aramiage.fr\">bureau@aramiage.fr<\/a><\/p>\n\n\n\n<p style=\"font-size:16px\"><strong>Pour tout probl\u00e8me technique, ou r\u00e9clamation RGPD :<\/strong><\/p>\n\n\n\n<p style=\"font-size:16px\"><a href=\"mailto:bureau@aramiage.fr\">dsi@aramiage.fr<\/a><\/p>\n\n\n\n<p><\/p>\n\n\n\n<p><\/p>\n","protected":false},"excerpt":{"rendered":"<p>L&rsquo;ARAMIAGE est l&rsquo;Association Rennaise des Anciens Miagistes, \u00e0 but non lucratif de loi 1901. Elle a pour objectif d&rsquo;entretenir les liens et le partage d&rsquo;exp\u00e9rience entre les dipl\u00f4m\u00e9s des diff\u00e9rentes<\/p>\n<p><a href=\"https:\/\/aramiage.fr\/index.php\/a-propos\/\" class=\"more-link themebutton\">Read More<\/a><\/p>\n","protected":false},"author":5,"featured_media":0,"parent":0,"menu_order":0,"comment_status":"closed","ping_status":"closed","template":"","meta":{"_price":"","_stock":"","_tribe_ticket_header":"","_tribe_default_ticket_provider":"","_tribe_ticket_capacity":"0","_ticket_start_date":"","_ticket_end_date":"","_tribe_ticket_show_description":"","_tribe_ticket_show_not_going":false,"_tribe_ticket_use_global_stock":"","_tribe_ticket_global_stock_level":"","_global_stock_mode":"","_global_stock_cap":"","_tribe_rsvp_for_event":"","_tribe_ticket_going_count":"","_tribe_ticket_not_going_count":"","_tribe_tickets_list":[],"_tribe_ticket_has_attendee_info_fields":false,"_EventAllDay":false,"_EventTimezone":"","_EventStartDate":"","_EventEndDate":"","_EventStartDateUTC":"","_EventEndDateUTC":"","_EventShowMap":false,"_EventShowMapLink":false,"_EventURL":"","_EventCost":"","_EventCostDescription":"","_EventCurrencySymbol":"","_EventCurrencyCode":"","_EventCurrencyPosition":"","_EventDateTimeSeparator":"","_EventTimeRangeSeparator":"","_EventOrganizerID":[],"_EventVenueID":0,"_OrganizerEmail":"","_OrganizerPhone":"","_OrganizerWebsite":"","_VenueAddress":"","_VenueCity":"","_VenueCountry":"","_VenueProvince":"","_VenueZip":"","_VenuePhone":"","_VenueURL":"","_VenueStateProvince":"","_VenueLat":"","_VenueLng":""},"_links":{"self":[{"href":"https:\/\/aramiage.fr\/index.php\/wp-json\/wp\/v2\/pages\/48"}],"collection":[{"href":"https:\/\/aramiage.fr\/index.php\/wp-json\/wp\/v2\/pages"}],"about":[{"href":"https:\/\/aramiage.fr\/index.php\/wp-json\/wp\/v2\/types\/page"}],"author":[{"embeddable":true,"href":"https:\/\/aramiage.fr\/index.php\/wp-json\/wp\/v2\/users\/5"}],"replies":[{"embeddable":true,"href":"https:\/\/aramiage.fr\/index.php\/wp-json\/wp\/v2\/comments?post=48"}],"version-history":[{"count":21,"href":"https:\/\/aramiage.fr\/index.php\/wp-json\/wp\/v2\/pages\/48\/revisions"}],"predecessor-version":[{"id":705,"href":"https:\/\/aramiage.fr\/index.php\/wp-json\/wp\/v2\/pages\/48\/revisions\/705"}],"wp:attachment":[{"href":"https:\/\/aramiage.fr\/index.php\/wp-json\/wp\/v2\/media?parent=48"}],"curies":[{"name":"wp","href":"https:\/\/api.w.org\/{rel}","templated":true}]}}