{"id":28,"date":"2017-10-16T15:16:46","date_gmt":"2017-10-16T15:16:46","guid":{"rendered":"http:\/\/aramiage.fr\/?page_id=28"},"modified":"2022-10-01T15:57:39","modified_gmt":"2022-10-01T15:57:39","slug":"jda","status":"publish","type":"page","link":"https:\/\/aramiage.fr\/index.php\/jda\/","title":{"rendered":"Journ\u00e9e des Anciens &#8211; Remise de dipl\u00f4me"},"content":{"rendered":"\n<p style=\"font-size:18px\">Comme chaque ann\u00e9e, l&rsquo;ARAMIAGE organise la traditionnelle Journ\u00e9e Des Anciens (JDA pour les intimes). Un moment convivial pour c\u00e9l\u00e9brer la remise des dipl\u00f4mes de la promotion sortante mais \u00e9galement pour un retour d&rsquo;exp\u00e9riences de promotions pr\u00e9c\u00e9dentes. \u00c9v\u00e9nement phare de l&rsquo;ARAMIAGE, elle regroupe les anciens de la MIAGE de Rennes tous les ans au mois d&rsquo;avril.<\/p>\n\n\n\n<hr class=\"wp-block-separator has-alpha-channel-opacity\"\/>\n\n\n\n<p style=\"font-size:16px\"><strong>Photos de la derni\u00e8re \u00e9dition (2022), au G\u00eete des Hirondelles en compagnie de monsieur Foursov. Au programme : un d\u00e9cor d&rsquo;exception, la traditionnelle remise de dipl\u00f4me et d&rsquo;oscar, de l&rsquo;ambiance, et une tartiflette g\u00e9ante pour ravir nos papilles \ud83d\ude42&nbsp;<\/strong><\/p>\n\n\n<div class=\"wp-block-image\">\n<figure class=\"aligncenter\"><img loading=\"lazy\" width=\"609\" height=\"279\" src=\"https:\/\/aramiage.fr\/wp-content\/uploads\/2022\/09\/rd4.jpg\" alt=\"\" class=\"wp-image-607\" srcset=\"https:\/\/aramiage.fr\/wp-content\/uploads\/2022\/09\/rd4.jpg 609w, https:\/\/aramiage.fr\/wp-content\/uploads\/2022\/09\/rd4-300x137.jpg 300w\" sizes=\"(max-width: 609px) 100vw, 609px\" \/><\/figure><\/div>\n\n<div class=\"wp-block-image\">\n<figure class=\"alignleft\"><img loading=\"lazy\" width=\"142\" height=\"300\" src=\"https:\/\/aramiage.fr\/wp-content\/uploads\/2022\/09\/rd3-142x300.jpg\" alt=\"\" class=\"wp-image-608\" srcset=\"https:\/\/aramiage.fr\/wp-content\/uploads\/2022\/09\/rd3-142x300.jpg 142w, https:\/\/aramiage.fr\/wp-content\/uploads\/2022\/09\/rd3.jpg 235w\" sizes=\"(max-width: 142px) 100vw, 142px\" \/><figcaption>Un beau dipl\u00f4me !<\/figcaption><\/figure><\/div>\n\n<div class=\"wp-block-image\">\n<figure class=\"alignright\"><img loading=\"lazy\" width=\"141\" height=\"300\" src=\"https:\/\/aramiage.fr\/wp-content\/uploads\/2022\/09\/rd1-141x300.jpg\" alt=\"\" class=\"wp-image-610\" srcset=\"https:\/\/aramiage.fr\/wp-content\/uploads\/2022\/09\/rd1-141x300.jpg 141w, https:\/\/aramiage.fr\/wp-content\/uploads\/2022\/09\/rd1.jpg 231w\" sizes=\"(max-width: 141px) 100vw, 141px\" \/><figcaption>Serait-ce un Master ?<\/figcaption><\/figure><\/div>\n\n\n<p><\/p>\n\n\n\n<p><\/p>\n\n\n\n<p><\/p>\n\n\n<div class=\"wp-block-image\">\n<figure class=\"aligncenter size-large\"><img loading=\"lazy\" width=\"1024\" height=\"472\" src=\"https:\/\/aramiage.fr\/wp-content\/uploads\/2022\/10\/20220122_205251-1024x472.jpg\" alt=\"\" class=\"wp-image-620\" srcset=\"https:\/\/aramiage.fr\/wp-content\/uploads\/2022\/10\/20220122_205251-1024x472.jpg 1024w, https:\/\/aramiage.fr\/wp-content\/uploads\/2022\/10\/20220122_205251-300x138.jpg 300w, https:\/\/aramiage.fr\/wp-content\/uploads\/2022\/10\/20220122_205251-768x354.jpg 768w, https:\/\/aramiage.fr\/wp-content\/uploads\/2022\/10\/20220122_205251-1536x708.jpg 1536w, https:\/\/aramiage.fr\/wp-content\/uploads\/2022\/10\/20220122_205251.jpg 1919w\" sizes=\"(max-width: 1024px) 100vw, 1024px\" \/><figcaption>Remise des dipl\u00f4mes sous un ciel \u00e9toil\u00e9 \ud83d\ude42<\/figcaption><\/figure><\/div>\n\n<div class=\"wp-block-image\">\n<figure class=\"aligncenter\"><img loading=\"lazy\" width=\"168\" height=\"300\" src=\"https:\/\/aramiage.fr\/wp-content\/uploads\/2022\/09\/rd2-168x300.jpg\" alt=\"\" class=\"wp-image-609\" srcset=\"https:\/\/aramiage.fr\/wp-content\/uploads\/2022\/09\/rd2-168x300.jpg 168w, https:\/\/aramiage.fr\/wp-content\/uploads\/2022\/09\/rd2.jpg 261w\" sizes=\"(max-width: 168px) 100vw, 168px\" \/><figcaption>La big tartiflette !<\/figcaption><\/figure><\/div>\n\n\n<hr class=\"wp-block-separator has-alpha-channel-opacity\"\/>\n\n\n\n<p style=\"font-size:16px\"><strong>Quelques photos des \u00e9ditions pr\u00e9c\u00e9dentes :<\/strong><\/p>\n\n\n\n<figure class=\"wp-block-image\"><img loading=\"lazy\" width=\"960\" height=\"540\" src=\"https:\/\/aramiage.fr\/wp-content\/uploads\/2019\/04\/facebook_1555053476602.jpg\" alt=\"\" class=\"wp-image-242\" srcset=\"https:\/\/aramiage.fr\/wp-content\/uploads\/2019\/04\/facebook_1555053476602.jpg 960w, https:\/\/aramiage.fr\/wp-content\/uploads\/2019\/04\/facebook_1555053476602-300x169.jpg 300w, https:\/\/aramiage.fr\/wp-content\/uploads\/2019\/04\/facebook_1555053476602-768x432.jpg 768w\" sizes=\"(max-width: 960px) 100vw, 960px\" \/><\/figure>\n\n\n\n<p class=\"has-text-align-center\"><\/p>\n\n\n\n<p class=\"has-text-align-center\"><em><strong>Promotion 2018<\/strong><\/em><\/p>\n\n\n<div class=\"wp-block-image\">\n<figure class=\"aligncenter\"><img loading=\"lazy\" width=\"1024\" height=\"768\" src=\"https:\/\/aramiage.fr\/wp-content\/uploads\/2018\/04\/31113853_1896368480415433_634280203337596928_o-1024x768.jpg\" alt=\"\" class=\"wp-image-170\" srcset=\"https:\/\/aramiage.fr\/wp-content\/uploads\/2018\/04\/31113853_1896368480415433_634280203337596928_o-1024x768.jpg 1024w, https:\/\/aramiage.fr\/wp-content\/uploads\/2018\/04\/31113853_1896368480415433_634280203337596928_o-300x225.jpg 300w, https:\/\/aramiage.fr\/wp-content\/uploads\/2018\/04\/31113853_1896368480415433_634280203337596928_o-768x576.jpg 768w, https:\/\/aramiage.fr\/wp-content\/uploads\/2018\/04\/31113853_1896368480415433_634280203337596928_o-800x600.jpg 800w, https:\/\/aramiage.fr\/wp-content\/uploads\/2018\/04\/31113853_1896368480415433_634280203337596928_o.jpg 2048w\" sizes=\"(max-width: 1024px) 100vw, 1024px\" \/><\/figure><\/div>\n\n\n<p class=\"has-text-align-center\"><\/p>\n\n\n\n<p class=\"has-text-align-center\"><em><strong>Promotion 2017<\/strong><\/em><\/p>\n","protected":false},"excerpt":{"rendered":"<p>Comme chaque ann\u00e9e, l&rsquo;ARAMIAGE organise la traditionnelle Journ\u00e9e Des Anciens (JDA pour les intimes). Un moment convivial pour c\u00e9l\u00e9brer la remise des dipl\u00f4mes de la promotion sortante mais \u00e9galement pour<\/p>\n<p><a href=\"https:\/\/aramiage.fr\/index.php\/jda\/\" class=\"more-link themebutton\">Read More<\/a><\/p>\n","protected":false},"author":5,"featured_media":0,"parent":0,"menu_order":0,"comment_status":"closed","ping_status":"closed","template":"","meta":{"_price":"","_stock":"","_tribe_ticket_header":"","_tribe_default_ticket_provider":"","_tribe_ticket_capacity":"0","_ticket_start_date":"","_ticket_end_date":"","_tribe_ticket_show_description":"","_tribe_ticket_show_not_going":false,"_tribe_ticket_use_global_stock":"","_tribe_ticket_global_stock_level":"","_global_stock_mode":"","_global_stock_cap":"","_tribe_rsvp_for_event":"","_tribe_ticket_going_count":"","_tribe_ticket_not_going_count":"","_tribe_tickets_list":[],"_tribe_ticket_has_attendee_info_fields":false,"_EventAllDay":false,"_EventTimezone":"","_EventStartDate":"","_EventEndDate":"","_EventStartDateUTC":"","_EventEndDateUTC":"","_EventShowMap":false,"_EventShowMapLink":false,"_EventURL":"","_EventCost":"","_EventCostDescription":"","_EventCurrencySymbol":"","_EventCurrencyCode":"","_EventCurrencyPosition":"","_EventDateTimeSeparator":"","_EventTimeRangeSeparator":"","_EventOrganizerID":[],"_EventVenueID":0,"_OrganizerEmail":"","_OrganizerPhone":"","_OrganizerWebsite":"","_VenueAddress":"","_VenueCity":"","_VenueCountry":"","_VenueProvince":"","_VenueZip":"","_VenuePhone":"","_VenueURL":"","_VenueStateProvince":"","_VenueLat":"","_VenueLng":""},"_links":{"self":[{"href":"https:\/\/aramiage.fr\/index.php\/wp-json\/wp\/v2\/pages\/28"}],"collection":[{"href":"https:\/\/aramiage.fr\/index.php\/wp-json\/wp\/v2\/pages"}],"about":[{"href":"https:\/\/aramiage.fr\/index.php\/wp-json\/wp\/v2\/types\/page"}],"author":[{"embeddable":true,"href":"https:\/\/aramiage.fr\/index.php\/wp-json\/wp\/v2\/users\/5"}],"replies":[{"embeddable":true,"href":"https:\/\/aramiage.fr\/index.php\/wp-json\/wp\/v2\/comments?post=28"}],"version-history":[{"count":26,"href":"https:\/\/aramiage.fr\/index.php\/wp-json\/wp\/v2\/pages\/28\/revisions"}],"predecessor-version":[{"id":627,"href":"https:\/\/aramiage.fr\/index.php\/wp-json\/wp\/v2\/pages\/28\/revisions\/627"}],"wp:attachment":[{"href":"https:\/\/aramiage.fr\/index.php\/wp-json\/wp\/v2\/media?parent=28"}],"curies":[{"name":"wp","href":"https:\/\/api.w.org\/{rel}","templated":true}]}}