{"id":26,"date":"2017-10-16T15:16:29","date_gmt":"2017-10-16T15:16:29","guid":{"rendered":"http:\/\/aramiage.fr\/?page_id=26"},"modified":"2023-06-11T15:25:56","modified_gmt":"2023-06-11T15:25:56","slug":"activites","status":"publish","type":"page","link":"https:\/\/aramiage.fr\/index.php\/activites\/","title":{"rendered":"A chaque \u00e9v\u00e8nement son affiche !"},"content":{"rendered":"\n<p>Afterworks, restaurants, barbecues, simulations d&rsquo;entretien&#8230; Bienvenue dans le m\u00e9morial des affiches de nos pr\u00e9c\u00e9dents \u00e9v\u00e8nements !<\/p>\n\n\n\n<figure class=\"wp-block-image size-large\"><img loading=\"lazy\" width=\"1024\" height=\"577\" src=\"https:\/\/aramiage.fr\/wp-content\/uploads\/2023\/06\/received_1167985513919918-1-1024x577.webp\" alt=\"\" class=\"wp-image-714\" srcset=\"https:\/\/aramiage.fr\/wp-content\/uploads\/2023\/06\/received_1167985513919918-1-1024x577.webp 1024w, https:\/\/aramiage.fr\/wp-content\/uploads\/2023\/06\/received_1167985513919918-1-300x169.webp 300w, https:\/\/aramiage.fr\/wp-content\/uploads\/2023\/06\/received_1167985513919918-1-768x433.webp 768w, https:\/\/aramiage.fr\/wp-content\/uploads\/2023\/06\/received_1167985513919918-1-1536x865.webp 1536w, https:\/\/aramiage.fr\/wp-content\/uploads\/2023\/06\/received_1167985513919918-1.webp 1640w\" sizes=\"(max-width: 1024px) 100vw, 1024px\" \/><\/figure>\n\n\n\n<figure class=\"wp-block-image size-large\"><img loading=\"lazy\" width=\"576\" height=\"1024\" src=\"https:\/\/aramiage.fr\/wp-content\/uploads\/2023\/06\/IMG_20221213_160900_065-576x1024.jpg\" alt=\"\" class=\"wp-image-710\" srcset=\"https:\/\/aramiage.fr\/wp-content\/uploads\/2023\/06\/IMG_20221213_160900_065-576x1024.jpg 576w, https:\/\/aramiage.fr\/wp-content\/uploads\/2023\/06\/IMG_20221213_160900_065-169x300.jpg 169w, https:\/\/aramiage.fr\/wp-content\/uploads\/2023\/06\/IMG_20221213_160900_065-768x1365.jpg 768w, https:\/\/aramiage.fr\/wp-content\/uploads\/2023\/06\/IMG_20221213_160900_065-864x1536.jpg 864w, https:\/\/aramiage.fr\/wp-content\/uploads\/2023\/06\/IMG_20221213_160900_065.jpg 1080w\" sizes=\"(max-width: 576px) 100vw, 576px\" \/><\/figure>\n\n\n<div class=\"wp-block-image\">\n<figure class=\"aligncenter size-large\"><img loading=\"lazy\" width=\"1024\" height=\"577\" src=\"https:\/\/aramiage.fr\/wp-content\/uploads\/2022\/10\/20220525_183007_0000-1024x577.png\" alt=\"\" class=\"wp-image-634\" srcset=\"https:\/\/aramiage.fr\/wp-content\/uploads\/2022\/10\/20220525_183007_0000-1024x577.png 1024w, https:\/\/aramiage.fr\/wp-content\/uploads\/2022\/10\/20220525_183007_0000-300x169.png 300w, https:\/\/aramiage.fr\/wp-content\/uploads\/2022\/10\/20220525_183007_0000-768x433.png 768w, https:\/\/aramiage.fr\/wp-content\/uploads\/2022\/10\/20220525_183007_0000-1536x865.png 1536w, https:\/\/aramiage.fr\/wp-content\/uploads\/2022\/10\/20220525_183007_0000.png 1640w\" sizes=\"(max-width: 1024px) 100vw, 1024px\" \/><\/figure><\/div>\n\n\n<hr class=\"wp-block-separator has-alpha-channel-opacity\"\/>\n\n\n\n<p style=\"font-size:16px\"><strong>Actualit\u00e9s les plus r\u00e9centes sur nos activit\u00e9s :<\/strong><\/p>\n\n\n\n<div class=\"wp-container-2 wp-block-columns are-vertically-aligned-bottom\">\n<div class=\"wp-container-1 wp-block-column is-vertically-aligned-bottom\" style=\"flex-basis:100%\"><ul class=\"wp-block-latest-posts__list is-grid columns-3 has-dates wp-block-latest-posts\"><li><a class=\"wp-block-latest-posts__post-title\" href=\"https:\/\/aramiage.fr\/index.php\/2023\/04\/05\/lancer-de-haches-chez-les-freres-jack\/\">Lancer de haches chez les Fr\u00e8res Jack<\/a><time datetime=\"2023-04-05T15:46:00+00:00\" class=\"wp-block-latest-posts__post-date\">05\/04\/2023<\/time><div class=\"wp-block-latest-posts__post-excerpt\">Pour cet afterwork, l&rsquo;aramiage vous a propos\u00e9 une activit\u00e9 pas comme les autres pour d\u00e9compresser ! Chez les Fr\u00e8res Jack, au sud-est de Rennes, c&rsquo;est avec des haches que nous avons \u00e9vacu\u00e9 la pression \ud83d\ude42<\/div><\/li>\n<li><a class=\"wp-block-latest-posts__post-title\" href=\"https:\/\/aramiage.fr\/index.php\/2023\/02\/28\/la-big-et-aramiage-accueillent-le-winter-connection-2023\/\">La BIG et ARAMIAGE accueillent le Winter Connection 2023 !<\/a><time datetime=\"2023-02-28T16:04:00+00:00\" class=\"wp-block-latest-posts__post-date\">28\/02\/2023<\/time><div class=\"wp-block-latest-posts__post-excerpt\">Comme chaque hiver, la f\u00e9d\u00e9ration de filli\u00e8re Miage Connection (dont l&rsquo;Aramiage fait partie) organise son c\u00e9l\u00e8bre \u00ab\u00a0Winter Connection\u00a0\u00bb. Cette ann\u00e9e, c&rsquo;est la Miage de Rennes qui a accueilli l&rsquo;\u00e9v\u00e8nement. L&rsquo;organisation locale \u00e9tait assur\u00e9e par la BIG et l&rsquo;ARAMIAGE. Retour en images :<\/div><\/li>\n<li><a class=\"wp-block-latest-posts__post-title\" href=\"https:\/\/aramiage.fr\/index.php\/2022\/10\/16\/participation-au-miage-intensive-camp-2022\/\">Participation au MIAGE Intensive Camp 2022<\/a><time datetime=\"2022-10-16T08:08:31+00:00\" class=\"wp-block-latest-posts__post-date\">16\/10\/2022<\/time><div class=\"wp-block-latest-posts__post-excerpt\">Nous \u00e9tions pr\u00e9sents le week-end du 15-16 octobre pour dispenser des formations \u00e0 des miagistes de toutes villes, et administrer la f\u00e9d\u00e9ration lors de l&rsquo;Assembl\u00e9e G\u00e9n\u00e9rale Extraordinaire. Retour en images sur ce week-end :<\/div><\/li>\n<li><a class=\"wp-block-latest-posts__post-title\" href=\"https:\/\/aramiage.fr\/index.php\/2022\/10\/16\/afterwork-doctobre-bar-resto-asiatique\/\">Afterwork d&rsquo;Octobre : bar &#038; resto asiatique<\/a><time datetime=\"2022-10-16T07:55:44+00:00\" class=\"wp-block-latest-posts__post-date\">16\/10\/2022<\/time><div class=\"wp-block-latest-posts__post-excerpt\">Avant dernier afterwork du bureau 2022-2023, nous nous sommes retrouv\u00e9s autour d&rsquo;un verre au bar AVEC, dans une ambiance conviviale et propice \u00e0 la solidarit\u00e9 ! 7 anciens ont profit\u00e9 de l&rsquo;occasion pour adh\u00e9rer \u00e0 l&rsquo;association, inaugurant le TPE investi en d\u00e9but d&rsquo;ann\u00e9e \ud83d\ude09 En seconde partie de soir\u00e9e, nous sommes all\u00e9s \u00e0 pied au<p><a href=\"https:\/\/aramiage.fr\/index.php\/2022\/10\/16\/afterwork-doctobre-bar-resto-asiatique\/\" class=\"more-link themebutton\">Read More<\/a><\/p><\/div><\/li>\n<li><a class=\"wp-block-latest-posts__post-title\" href=\"https:\/\/aramiage.fr\/index.php\/2022\/09\/29\/cest-la-rentree\/\">C&rsquo;est la rentr\u00e9e des assos !<\/a><time datetime=\"2022-09-29T19:44:52+00:00\" class=\"wp-block-latest-posts__post-date\">29\/09\/2022<\/time><div class=\"wp-block-latest-posts__post-excerpt\">A l&rsquo;occasion de la reprise des cours, l&rsquo;ARAMIAGE \u00e9tait pr\u00e9sente aux cot\u00e9s de la BIG le mercredi 14 septembre 2022 dans l&rsquo;Amphi P \u00e0 l&rsquo;ISTIC, pour pr\u00e9senter \u00e0 tous les \u00e9l\u00e8ves de L3\/M1 les activit\u00e9s et services propos\u00e9s par les associations d&rsquo;\u00e9tudiants\/alumnis.<\/div><\/li>\n<\/ul><\/div>\n<\/div>\n","protected":false},"excerpt":{"rendered":"<p>Afterworks, restaurants, barbecues, simulations d&rsquo;entretien&#8230; Bienvenue dans le m\u00e9morial des affiches de nos pr\u00e9c\u00e9dents \u00e9v\u00e8nements ! Actualit\u00e9s les plus r\u00e9centes sur nos activit\u00e9s :<\/p>\n","protected":false},"author":5,"featured_media":0,"parent":0,"menu_order":0,"comment_status":"closed","ping_status":"closed","template":"","meta":{"_price":"","_stock":"","_tribe_ticket_header":"","_tribe_default_ticket_provider":"","_tribe_ticket_capacity":"0","_ticket_start_date":"","_ticket_end_date":"","_tribe_ticket_show_description":"","_tribe_ticket_show_not_going":false,"_tribe_ticket_use_global_stock":"","_tribe_ticket_global_stock_level":"","_global_stock_mode":"","_global_stock_cap":"","_tribe_rsvp_for_event":"","_tribe_ticket_going_count":"","_tribe_ticket_not_going_count":"","_tribe_tickets_list":[],"_tribe_ticket_has_attendee_info_fields":false,"_EventAllDay":false,"_EventTimezone":"","_EventStartDate":"","_EventEndDate":"","_EventStartDateUTC":"","_EventEndDateUTC":"","_EventShowMap":false,"_EventShowMapLink":false,"_EventURL":"","_EventCost":"","_EventCostDescription":"","_EventCurrencySymbol":"","_EventCurrencyCode":"","_EventCurrencyPosition":"","_EventDateTimeSeparator":"","_EventTimeRangeSeparator":"","_EventOrganizerID":[],"_EventVenueID":0,"_OrganizerEmail":"","_OrganizerPhone":"","_OrganizerWebsite":"","_VenueAddress":"","_VenueCity":"","_VenueCountry":"","_VenueProvince":"","_VenueZip":"","_VenuePhone":"","_VenueURL":"","_VenueStateProvince":"","_VenueLat":"","_VenueLng":""},"_links":{"self":[{"href":"https:\/\/aramiage.fr\/index.php\/wp-json\/wp\/v2\/pages\/26"}],"collection":[{"href":"https:\/\/aramiage.fr\/index.php\/wp-json\/wp\/v2\/pages"}],"about":[{"href":"https:\/\/aramiage.fr\/index.php\/wp-json\/wp\/v2\/types\/page"}],"author":[{"embeddable":true,"href":"https:\/\/aramiage.fr\/index.php\/wp-json\/wp\/v2\/users\/5"}],"replies":[{"embeddable":true,"href":"https:\/\/aramiage.fr\/index.php\/wp-json\/wp\/v2\/comments?post=26"}],"version-history":[{"count":25,"href":"https:\/\/aramiage.fr\/index.php\/wp-json\/wp\/v2\/pages\/26\/revisions"}],"predecessor-version":[{"id":718,"href":"https:\/\/aramiage.fr\/index.php\/wp-json\/wp\/v2\/pages\/26\/revisions\/718"}],"wp:attachment":[{"href":"https:\/\/aramiage.fr\/index.php\/wp-json\/wp\/v2\/media?parent=26"}],"curies":[{"name":"wp","href":"https:\/\/api.w.org\/{rel}","templated":true}]}}